{"id":4010,"date":"2023-09-30T10:10:24","date_gmt":"2023-09-30T08:10:24","guid":{"rendered":"https:\/\/kreatywni.online\/make-an-appointment-for-a-consultation\/"},"modified":"2023-10-26T18:04:57","modified_gmt":"2023-10-26T16:04:57","slug":"make-an-appointment-for-a-consultation","status":"publish","type":"page","link":"https:\/\/kreatywni.online\/en\/make-an-appointment-for-a-consultation\/","title":{"rendered":"Make an appointment for a consultation"},"content":{"rendered":"\t\t<div data-elementor-type=\"wp-page\" data-elementor-id=\"4010\" class=\"elementor elementor-4010 elementor-2304\" data-elementor-post-type=\"page\">\n\t\t\t\t<div class=\"elementor-element elementor-element-51691429 e-con-full e-flex e-con e-parent\" data-id=\"51691429\" data-element_type=\"container\" data-e-type=\"container\" data-settings=\"{&quot;jet_parallax_layout_list&quot;:[]}\">\n\t\t\t\t<div class=\"elementor-element elementor-element-5aaec40 elementor-widget__width-initial elementor-widget elementor-widget-heading\" data-id=\"5aaec40\" data-element_type=\"widget\" data-e-type=\"widget\" data-widget_type=\"heading.default\">\n\t\t\t\t<div class=\"elementor-widget-container\">\n\t\t\t\t\t<h1 class=\"elementor-heading-title elementor-size-default\">Make an appointment for a free consultation<\/h1>\t\t\t\t<\/div>\n\t\t\t\t<\/div>\n\t\t\t\t<div class=\"elementor-element elementor-element-7acfa448 elementor-view-default elementor-widget elementor-widget-icon\" data-id=\"7acfa448\" data-element_type=\"widget\" data-e-type=\"widget\" data-widget_type=\"icon.default\">\n\t\t\t\t<div class=\"elementor-widget-container\">\n\t\t\t\t\t\t\t<div class=\"elementor-icon-wrapper\">\n\t\t\t<div class=\"elementor-icon\">\n\t\t\t<svg xmlns=\"http:\/\/www.w3.org\/2000\/svg\" xmlns:xlink=\"http:\/\/www.w3.org\/1999\/xlink\" xmlns:serif=\"http:\/\/www.serif.com\/\" width=\"100%\" height=\"100%\" viewBox=\"0 0 360 330\" xml:space=\"preserve\" style=\"fill-rule:evenodd;clip-rule:evenodd;stroke-linecap:round;stroke-linejoin:round;\">    <g id=\"Ellipse-903.svg\" serif:id=\"Ellipse 903.svg\" transform=\"matrix(1.7561,0,0,1.74548,180,164.948)\">        <g transform=\"matrix(1,0,0,1,-102.5,-94.5)\">            <path d=\"M1.629,71.52C4.965,1.91 67.406,-8.293 118.497,5.397C169.589,19.087 215.265,50.393 201.812,100.601C188.358,150.809 137.842,197.942 69.978,186.476C5.968,175.663 -1.706,141.129 1.629,71.52Z\" style=\"fill:rgb(255,222,103);fill-rule:nonzero;\"><\/path>        <\/g>    <\/g>    <g id=\"Group.svg\" transform=\"matrix(1.7561,0,0,1.74548,183.465,168.392)\">        <g transform=\"matrix(1,0,0,1,-79,-91)\">            <clipPath id=\"_clip1\">                <rect x=\"0\" y=\"0\" width=\"158\" height=\"182\"><\/rect>            <\/clipPath>            <g clip-path=\"url(#_clip1)\">                <path d=\"M76.904,63.666C77.316,69.125 79.165,69.762 82.806,70.721C85.213,71.133 88.345,70.834 90.105,70.48C94.449,69.617 96.032,66.545 97.477,63.053C98.188,61.941 98.107,61.054 97.606,61.191C97.13,61.32 95.031,62.15 94.562,62.271C89.072,63.682 84.615,63.932 79.205,63.182C72.496,62.263 65.697,61.626 58.883,61.916C57.082,61.989 55.395,61.634 53.941,60.473\" style=\"fill:none;fill-rule:nonzero;stroke:black;stroke-width:2px;\"><\/path>                <path d=\"M71.391,178.267C76.049,175.8 85.448,172.897 90.171,170.567\" style=\"fill:none;fill-rule:nonzero;stroke:black;stroke-width:2px;\"><\/path>                <path d=\"M78.067,117.923C79.9,116.585 82.153,117.044 84.188,116.553C87.877,115.658 91.939,113.964 95.419,116.166C99.076,118.48 103.073,119.963 106.819,122.003C110.372,123.938 114.126,125.406 117.832,127.01C119.948,127.922 122.265,128.97 123.872,130.51C126.9,133.396 131.001,134.235 134.191,136.718C135.071,137.404 147.941,145.419 149.2,145.612\" style=\"fill:none;fill-rule:nonzero;stroke:black;stroke-width:2px;\"><\/path>                <path d=\"M53.668,59.603C56.768,57.667 59.683,55.273 63.018,53.926C66.361,52.58 69.784,51.169 73.433,50.274C75.258,49.83 78.811,48.121 81.281,48.484C83.147,48.758 85.149,48.379 87.095,48.153C90.446,47.774 93.974,48.209 97.228,49.225C101.547,50.572 106.19,50.596 110.332,52.62C112.439,53.652 114.942,54.071 115.847,56.7\" style=\"fill:none;fill-rule:nonzero;stroke:black;stroke-width:2px;\"><\/path>                <path d=\"M148.611,180.21C148.716,175.8 149.976,150.861 149.572,146.45\" style=\"fill:none;fill-rule:nonzero;stroke:black;stroke-width:2px;\"><\/path>                <path d=\"M76.323,122.559C77.381,122.309 78.463,122.745 79.19,123.196C84.131,126.277 90.009,127.841 94.595,131.566C96.008,132.711 98.406,133.501 100.158,135.315C99.625,135.557 97.905,136.259 97.372,136.501\" style=\"fill:none;fill-rule:nonzero;stroke:black;stroke-width:2px;\"><\/path>                <path d=\"M87.95,39.3C87.7,38.05 87.45,36.808 87.199,35.526C90.825,35.51 91.252,35.704 91.39,38.719C91.527,41.743 92.795,44.638 92.31,47.71\" style=\"fill:none;fill-rule:nonzero;stroke:black;stroke-width:2px;\"><\/path>                <path d=\"M46.982,100.805C46.788,104.675 46.481,108.538 46.433,112.408C46.368,117.068 45.157,121.624 45.367,126.341C45.432,127.817 45.836,128.889 46.724,129.155C50.93,130.421 54.87,132.155 58.633,134.42C60.442,135.509 62.202,136.589 63.865,137.912C66.538,140.04 71.6,141.992 74.733,142.878C74.733,142.878 78.302,142.177 80.982,141.153C83.929,140.024 87.126,140.161 90.138,138.516C91.842,137.581 94.74,137.766 96.961,136.791\" style=\"fill:none;fill-rule:nonzero;stroke:black;stroke-width:2px;\"><\/path>                <path d=\"M51.052,101.385C59.32,104.981 68.072,107.545 75.452,112.988\" style=\"fill:none;fill-rule:nonzero;stroke:black;stroke-width:2px;\"><\/path>                <path d=\"M74.733,142.87C75.767,132.743 75.767,123.455 75.856,113.497\" style=\"fill:none;fill-rule:nonzero;stroke:black;stroke-width:2px;\"><\/path>                <path d=\"M98.406,167.825C102.064,165.189 105.293,164.326 108.886,162.939C113.109,161.319 117.3,159.609 121.337,157.618C127.392,154.634 133.609,152.054 139.988,149.933C142.983,148.942 146.245,147.265 149.338,146.45\" style=\"fill:none;fill-rule:nonzero;stroke:black;stroke-width:2px;\"><\/path>                <path d=\"M33.24,122.478C37.415,122.301 40.903,119.979 45.238,119.955\" style=\"fill:none;fill-rule:nonzero;stroke:black;stroke-width:2px;\"><\/path>                <path d=\"M1,127.817C10.108,126.357 18.481,124.18 27.774,123.6C28.355,123.6 30.341,123.342 31.157,123.1\" style=\"fill:none;fill-rule:nonzero;stroke:black;stroke-width:2px;\"><\/path>                <path d=\"M85.915,1C86.997,12.288 87.885,23.585 87.659,34.946\" style=\"fill:none;fill-rule:nonzero;stroke:black;stroke-width:2px;\"><\/path>                <path d=\"M98.115,61.054C104.235,59.046 110.049,58.466 116.161,57.224\" style=\"fill:none;fill-rule:nonzero;stroke:black;stroke-width:2px;\"><\/path>                <path d=\"M87.078,35.816C85.188,36.203 83.808,36.961 82.936,38.977C81.7,41.807 79.755,44.363 80.4,47.718\" style=\"fill:none;fill-rule:nonzero;stroke:black;stroke-width:2px;\"><\/path>                <path d=\"M152.358,117.907C150.558,124.156 147.142,132.993 145.31,139.347\" style=\"fill:none;fill-rule:nonzero;stroke:black;stroke-width:2px;\"><\/path>                <path d=\"M132.415,106.038C131.559,107.248 131.495,108.707 131.495,110.142C131.495,111.811 131.39,113.464 131.261,115.133C130.994,118.625 130.235,124.124 130.025,127.623\" style=\"fill:none;fill-rule:nonzero;stroke:black;stroke-width:2px;\"><\/path>                <path d=\"M143.493,111.271C143.04,112.077 142.685,113.036 142.37,114.133C141.054,118.737 140.077,122.551 138.866,126.977C138.462,129.388 138.462,131.404 138.204,133.952\" style=\"fill:none;fill-rule:nonzero;stroke:black;stroke-width:2px;\"><\/path>                <path d=\"M151.623,116.988C152.681,117.705 153.376,118.923 154.587,119.326C155.798,119.729 157.001,118.52 157.001,117.713C156.597,112.077 152.164,107.247 148.135,103.627C144.51,100.813 140.077,98.797 135.645,97.588L134.03,97.588C125.972,95.177 115.088,95.177 111.463,103.627C110.252,106.038 113.877,105.643 115.492,105.643C120.732,104.433 125.568,102.426 130.405,104.433C134.837,106.046 138.866,108.054 142.895,110.473C146.117,112.488 148.297,115.149 151.333,116.778\" style=\"fill:none;fill-rule:nonzero;stroke:black;stroke-width:2px;\"><\/path>                <path d=\"M119.521,105.03C120.748,107.803 119.714,111.384 119.965,114.343C120.231,117.584 120.764,120.753 120.465,124.018\" style=\"fill:none;fill-rule:nonzero;stroke:black;stroke-width:2px;\"><\/path>            <\/g>        <\/g>    <\/g><\/svg>\t\t\t<\/div>\n\t\t<\/div>\n\t\t\t\t\t\t<\/div>\n\t\t\t\t<\/div>\n\t\t\t\t<\/div>\n\t\t<div class=\"elementor-element elementor-element-67f2ae86 e-con-full e-flex e-con e-parent\" data-id=\"67f2ae86\" data-element_type=\"container\" data-e-type=\"container\" data-settings=\"{&quot;jet_parallax_layout_list&quot;:[]}\">\n\t\t\t\t<div class=\"elementor-element elementor-element-198f7c48 elementor-widget elementor-widget-jet-form-builder-form\" data-id=\"198f7c48\" data-element_type=\"widget\" data-e-type=\"widget\" data-widget_type=\"jet-form-builder-form.default\">\n\t\t\t\t<div class=\"elementor-widget-container\">\n\t\t\t\t\t<link rel='stylesheet' id='wp-block-library-css' href='https:\/\/kreatywni.online\/wp-includes\/css\/dist\/block-library\/style.min.css?ver=6.9.4' media='all' \/>\n<style id=\"jet-form-builder-2696-inline-css\"><\/style><form  class=\"jet-form-builder layout-column submit-type-reload\" action=\"https:\/\/kreatywni.online\/en\/wp-json\/wp\/v2\/pages\/4010\/?za512e=wF047Q1VV9t5&amp;method=reload\" method=\"POST\" data-form-id=\"2696\" data-layout=\"column\" enctype=\"multipart\/form-data\" data-clear=\"1\" novalidate=\"null\" ssr_validation_method=\"rest\"><input type=\"hidden\" id=\"_wpnonce\" name=\"_wpnonce\" value=\"f58484cd91\" \/><input type=\"hidden\" name=\"_wp_http_referer\" value=\"\/en\/wp-json\/wp\/v2\/pages\/4010\" \/>\r\n<input type=\"hidden\" name=\"_jfb_current_render_states[]\" value=\"DEFAULT.STATE\" data-jfb-sync \/><input type=\"hidden\" class=\"jet-form-builder__field hidden-field\" name=\"_jet_engine_booking_form_id\" data-field-name=\"_jet_engine_booking_form_id\" value=\"2696\">\n<input type=\"hidden\" class=\"jet-form-builder__field hidden-field\" name=\"_jet_engine_refer\" data-field-name=\"_jet_engine_refer\" value=\"https:\/\/kreatywni.online\/en\/wp-json\/wp\/v2\/pages\/4010\/\">\n<input type=\"hidden\" class=\"jet-form-builder__field hidden-field\" name=\"__queried_post_id\" data-field-name=\"__queried_post_id\" value=\"4010\">\n\n<input type=\"hidden\" class=\"jet-form-builder__field hidden-field\" name=\"post_id\" data-field-name=\"post_id\" data-jfb-sync=\"null\" value=\"4010\">\n\n\n\n\n<div class=\"wp-block-columns is-layout-flex wp-container-core-columns-is-layout-28f84493 wp-block-columns-is-layout-flex\">\n<div class=\"wp-block-column is-layout-flow wp-block-column-is-layout-flow\"><div  class=\"jet-form-builder-row field-type-text-field\" >\n<div class=\"jet-form-builder__label\">\r\n<div class=\"jet-form-builder__label-text\">Imi\u0119 <span class=\"jet-form-builder__required\">*<\/span><\/div><\/div><div class=\"jet-form-builder__field-wrap\">\n\t\t\t\t<input required=\"required\" name=\"imie\" id=\"imie\" type=\"text\" data-field-name=\"imie\" class=\"jet-form-builder__field text-field\" data-jfb-sync=\"null\" autocomplete=\"off_odseb51E\">\n\t\t\t\t\t<\/div>\n<\/div><\/div>\n\n\n\n<div class=\"wp-block-column is-layout-flow wp-block-column-is-layout-flow\"><div  class=\"jet-form-builder-row field-type-text-field\" >\n<div class=\"jet-form-builder__label\">\r\n<div class=\"jet-form-builder__label-text\">E-mail <span class=\"jet-form-builder__required\">*<\/span><\/div><\/div><div class=\"jet-form-builder__field-wrap\">\n\t\t\t\t<input required=\"required\" name=\"e-mail\" id=\"e-mail\" type=\"email\" data-field-name=\"e-mail\" class=\"jet-form-builder__field text-field\" data-jfb-sync=\"null\" autocomplete=\"off_CeRlkMfs\">\n\t\t\t\t\t<\/div>\n<\/div><\/div>\n<\/div>\n\n\n\n<div class=\"wp-block-columns is-layout-flex wp-container-core-columns-is-layout-28f84493 wp-block-columns-is-layout-flex\">\n<div class=\"wp-block-column is-layout-flow wp-block-column-is-layout-flow\"><div  class=\"jet-form-builder-row field-type-text-field\" >\n<div class=\"jet-form-builder__label\">\r\n<div class=\"jet-form-builder__label-text\">Telefon <span class=\"jet-form-builder__required\">*<\/span><\/div><\/div><div class=\"jet-form-builder__field-wrap\">\n\t\t\t\t<input required=\"required\" name=\"telefon\" id=\"telefon\" type=\"tel\" data-field-name=\"telefon\" class=\"jet-form-builder__field text-field jet-form-builder__masked-field\" data-jfb-sync=\"null\" autocomplete=\"off_XlqAMkyL\" data-inputmask=\"&#039;mask&#039;: &#039;999 999 999&#039;\" data-inputmask-placeholder=\"\u2022\" data-inputmask-showmaskonhover=\"false\">\n\t\t\t\t\t<\/div>\n<\/div><\/div>\n\n\n\n<div class=\"wp-block-column is-layout-flow wp-block-column-is-layout-flow\"><\/div>\n<\/div>\n\n\n\n<div style=\"height:39px\" aria-hidden=\"true\" class=\"wp-block-spacer\"><\/div>\n\n\n<div  class=\"jet-form-builder-row field-type-checkbox-field\" >\n<div class=\"jet-form-builder__label\">\r\n<div class=\"jet-form-builder__label-text\">Typ dzia\u0142alno\u015bci <span class=\"jet-form-builder__required\">*<\/span><\/div><\/div><div class=\"jet-form-builder__fields-group checkradio-wrap\" data-jfb-sync><div class=\"jet-form-builder__field-wrap checkboxes-wrap checkradio-wrap\"><label class=\"jet-form-builder__field-label for-checkbox\">\n\t\t\t<input type=\"checkbox\" name=\"typ_dzia\u0142alnosci[]\" value=\"R\u0119kodzie\u0142o\" data-field-name=\"typ_dzia\u0142alnosci\"  class=\"jet-form-builder__field checkboxes-field checkradio-field\" required=\"required\"><span>R\u0119kodzie\u0142o<\/span><\/label><\/div><div class=\"jet-form-builder__field-wrap checkboxes-wrap checkradio-wrap\"><label class=\"jet-form-builder__field-label for-checkbox\">\n\t\t\t<input type=\"checkbox\" name=\"typ_dzia\u0142alnosci[]\" value=\"Sztuki plastyczne\" data-field-name=\"typ_dzia\u0142alnosci\"  class=\"jet-form-builder__field checkboxes-field checkradio-field\" required=\"required\"><span>Sztuki plastyczne<\/span><\/label><\/div><div class=\"jet-form-builder__field-wrap checkboxes-wrap checkradio-wrap\"><label class=\"jet-form-builder__field-label for-checkbox\">\n\t\t\t<input type=\"checkbox\" name=\"typ_dzia\u0142alnosci[]\" value=\"Pisanie\" data-field-name=\"typ_dzia\u0142alnosci\"  class=\"jet-form-builder__field checkboxes-field checkradio-field\" required=\"required\"><span>Pisanie<\/span><\/label><\/div><div class=\"jet-form-builder__field-wrap checkboxes-wrap checkradio-wrap\"><label class=\"jet-form-builder__field-label for-checkbox\">\n\t\t\t<input type=\"checkbox\" name=\"typ_dzia\u0142alnosci[]\" value=\"Projektowanie ubioru\" data-field-name=\"typ_dzia\u0142alnosci\"  class=\"jet-form-builder__field checkboxes-field checkradio-field\" required=\"required\"><span>Projektowanie ubioru<\/span><\/label><\/div><div class=\"jet-form-builder__field-wrap checkboxes-wrap checkradio-wrap\"><label class=\"jet-form-builder__field-label for-checkbox\">\n\t\t\t<input type=\"checkbox\" name=\"typ_dzia\u0142alnosci[]\" value=\"Muzyka\" data-field-name=\"typ_dzia\u0142alnosci\"  class=\"jet-form-builder__field checkboxes-field checkradio-field\" required=\"required\"><span>Muzyka<\/span><\/label><\/div><div class=\"jet-form-builder__field-wrap checkboxes-wrap checkradio-wrap\"><label class=\"jet-form-builder__field-label for-checkbox\">\n\t\t\t<input type=\"checkbox\" name=\"typ_dzia\u0142alnosci[]\" value=\"Fotografia\" data-field-name=\"typ_dzia\u0142alnosci\"  class=\"jet-form-builder__field checkboxes-field checkradio-field\" required=\"required\"><span>Fotografia<\/span><\/label><\/div><div class=\"jet-form-builder__field-wrap checkboxes-wrap checkradio-wrap\"><label class=\"jet-form-builder__field-label for-checkbox\">\n\t\t\t<input type=\"checkbox\" name=\"typ_dzia\u0142alnosci[]\" value=\"Sztuka kulinarna\" data-field-name=\"typ_dzia\u0142alnosci\"  class=\"jet-form-builder__field checkboxes-field checkradio-field\" required=\"required\"><span>Sztuka kulinarna<\/span><\/label><\/div><div class=\"jet-form-builder__field-wrap checkboxes-wrap checkradio-wrap\"><label class=\"jet-form-builder__field-label for-checkbox\">\n\t\t\t<input type=\"checkbox\" name=\"typ_dzia\u0142alnosci[]\" value=\"Inne\" data-field-name=\"typ_dzia\u0142alnosci\"  class=\"jet-form-builder__field checkboxes-field checkradio-field\" required=\"required\"><span>Inne<\/span><\/label><\/div><\/div>\n<\/div>\n\n<div  class=\"jet-form-builder-row field-type-checkbox-field\" >\n<div class=\"jet-form-builder__fields-group checkradio-wrap\" data-jfb-sync><div class=\"jet-form-builder__field-wrap checkboxes-wrap checkradio-wrap\"><label class=\"jet-form-builder__field-label for-checkbox\">\n\t\t\t<input type=\"checkbox\" name=\"field_name_2\" value=\"Akceptuj\u0119 polityk\u0119 prywatno\u015bci i cookies.\" data-field-name=\"field_name_2\"  class=\"jet-form-builder__field checkboxes-field checkradio-field\"><span>Akceptuj\u0119 polityk\u0119 prywatno\u015bci i cookies.<\/span><\/label><\/div><\/div>\n<\/div>\n\n<input type=\"hidden\" class=\"captcha-token\" name=\"_captcha_token\" value=\"\"\/><div class=\"jfb-visually-hidden\" tabindex=\"-1\"><div class=\"jet-form-builder__field-wrap\">\n\t\t\t\t<input name=\"email\" id=\"email\" type=\"email\" data-field-name=\"email\" class=\"jet-form-builder__field text-field\" data-jfb-sync=\"null\" autocomplete=\"off_P4fvtLiQ\">\n\t\t\t\t\t<\/div><\/div><div  class=\"jet-form-builder-row field-type-submit-field\" >\n\t<div data-type=\"submit\" class=\"jet-form-builder__action-button-wrapper jet-form-builder__submit-wrap\">\n\t<button class=\"jet-form-builder__action-button jet-form-builder__submit submit-type-reload\" type=\"submit\">Zapisz si\u0119<\/button>\n\t<\/div>\n\t\n<\/div>\t<div class=\"jet-form-builder-messages-wrap\" data-form-id=\"2696\"><\/div>\n<\/form>\n\t\t\t\t<\/div>\n\t\t\t\t<\/div>\n\t\t\t\t<\/div>\n\t\t\t\t<\/div>\n\t\t","protected":false},"excerpt":{"rendered":"<p>Make an appointment for a free consultation Imi\u0119 * E-mail * Telefon * Typ dzia\u0142alno\u015bci * R\u0119kodzie\u0142o Sztuki plastyczne Pisanie Projektowanie ubioru Muzyka Fotografia Sztuka kulinarna Inne Akceptuj\u0119 polityk\u0119 prywatno\u015bci i cookies. Zapisz si\u0119<\/p>\n","protected":false},"author":1,"featured_media":0,"parent":0,"menu_order":0,"comment_status":"closed","ping_status":"closed","template":"","meta":{"footnotes":""},"class_list":["post-4010","page","type-page","status-publish","hentry"],"_links":{"self":[{"href":"https:\/\/kreatywni.online\/en\/wp-json\/wp\/v2\/pages\/4010","targetHints":{"allow":["GET"]}}],"collection":[{"href":"https:\/\/kreatywni.online\/en\/wp-json\/wp\/v2\/pages"}],"about":[{"href":"https:\/\/kreatywni.online\/en\/wp-json\/wp\/v2\/types\/page"}],"author":[{"embeddable":true,"href":"https:\/\/kreatywni.online\/en\/wp-json\/wp\/v2\/users\/1"}],"replies":[{"embeddable":true,"href":"https:\/\/kreatywni.online\/en\/wp-json\/wp\/v2\/comments?post=4010"}],"version-history":[{"count":3,"href":"https:\/\/kreatywni.online\/en\/wp-json\/wp\/v2\/pages\/4010\/revisions"}],"predecessor-version":[{"id":4013,"href":"https:\/\/kreatywni.online\/en\/wp-json\/wp\/v2\/pages\/4010\/revisions\/4013"}],"wp:attachment":[{"href":"https:\/\/kreatywni.online\/en\/wp-json\/wp\/v2\/media?parent=4010"}],"curies":[{"name":"wp","href":"https:\/\/api.w.org\/{rel}","templated":true}]}}